{"id":27,"date":"2019-06-23T22:53:33","date_gmt":"2019-06-23T20:53:33","guid":{"rendered":"http:\/\/menehune.pl\/?page_id=27"},"modified":"2026-01-30T21:39:43","modified_gmt":"2026-01-30T20:39:43","slug":"strona-glowna","status":"publish","type":"page","link":"http:\/\/menehune.pl\/","title":{"rendered":"Strona g\u0142\u00f3wna"},"content":{"rendered":"\n<p class=\"has-text-align-center\">BARDZO PROSIMY O UMAWIANIE SI\u0118 NA WIZYTY TELEFONICZNIE POD NUMEREM <br>500 097 999<\/p>\n\n\n\n<p class=\"has-text-align-center\">Menehune-\u015bwiadoma praca z cia\u0142em w Pruszczu Gda\u0144skim zaprasza:<br>masa\u017c klasyczny<br>masa\u017c tajski<br>masa\u017c terapeutyczny<br>masa\u017c pa\u0142kami bambusowymi<br>masa\u017c autorski<br>masa\u017c relaksacyjny<br>masa\u017c dla par<\/p>\n\n\n\n<p class=\"has-text-align-center\">stawianie baniek<br>konchowanie uszu<\/p>\n\n\n\n<p class=\"has-text-align-center\">warsztaty<\/p>\n\n\n\n<p class=\"has-text-align-center\">zaproszenia podarunkowe<\/p>\n\n\n\n<p class=\"has-text-align-center\">MENEHUNE-\u015aWIADOMA PRACA Z CIA\u0141EM,<br>UL. W. KOSSAKA 4\/5 ,<br>PRUSZCZ GDA\u0143SKI, TEL.500 097 999<\/p>\n","protected":false},"excerpt":{"rendered":"<p>BARDZO PROSIMY O UMAWIANIE SI\u0118 NA WIZYTY TELEFONICZNIE POD NUMEREM 500 097 999 Menehune-\u015bwiadoma praca z cia\u0142em w Pruszczu Gda\u0144skim zaprasza:masa\u017c klasycznymasa\u017c tajskimasa\u017c terapeutycznymasa\u017c pa\u0142kami bambusowymimasa\u017c autorskimasa\u017c relaksacyjnymasa\u017c dla par stawianie baniekkonchowanie uszu warsztaty zaproszenia podarunkowe MENEHUNE-\u015aWIADOMA PRACA Z CIA\u0141EM,UL. W. KOSSAKA 4\/5 ,PRUSZCZ GDA\u0143SKI, TEL.500 097 999<\/p>\n","protected":false},"author":1,"featured_media":0,"parent":0,"menu_order":0,"comment_status":"closed","ping_status":"closed","template":"","meta":{"footnotes":""},"class_list":["post-27","page","type-page","status-publish","hentry"],"_links":{"self":[{"href":"http:\/\/menehune.pl\/index.php\/wp-json\/wp\/v2\/pages\/27"}],"collection":[{"href":"http:\/\/menehune.pl\/index.php\/wp-json\/wp\/v2\/pages"}],"about":[{"href":"http:\/\/menehune.pl\/index.php\/wp-json\/wp\/v2\/types\/page"}],"author":[{"embeddable":true,"href":"http:\/\/menehune.pl\/index.php\/wp-json\/wp\/v2\/users\/1"}],"replies":[{"embeddable":true,"href":"http:\/\/menehune.pl\/index.php\/wp-json\/wp\/v2\/comments?post=27"}],"version-history":[{"count":20,"href":"http:\/\/menehune.pl\/index.php\/wp-json\/wp\/v2\/pages\/27\/revisions"}],"predecessor-version":[{"id":832,"href":"http:\/\/menehune.pl\/index.php\/wp-json\/wp\/v2\/pages\/27\/revisions\/832"}],"wp:attachment":[{"href":"http:\/\/menehune.pl\/index.php\/wp-json\/wp\/v2\/media?parent=27"}],"curies":[{"name":"wp","href":"https:\/\/api.w.org\/{rel}","templated":true}]}}