{"id":665,"date":"2024-01-07T11:18:03","date_gmt":"2024-01-07T10:18:03","guid":{"rendered":"http:\/\/menehune.pl\/?page_id=665"},"modified":"2024-02-02T10:46:00","modified_gmt":"2024-02-02T09:46:00","slug":"masaz-tajski-2","status":"publish","type":"page","link":"http:\/\/menehune.pl\/index.php\/masaz-tajski-2\/","title":{"rendered":"Masa\u017c Tajski z Krzysztofem Szabatem"},"content":{"rendered":"\n<p>WARSZTAT&nbsp; MASA\u017bU TAJSKIEGO. OCHRONA CIA\u0141A I UMYS\u0141U, PROWADZ\u0104CY: KRZYSZTOF SZABAT&nbsp;<br>Dawanie dotyku przyjacio\u0142om i pacjentom to pi\u0119kne dzia\u0142anie, ale w wielu przypadkach zapominamy o tym jak powinni\u015bmy przy tym traktowa\u0107 nasze w\u0142asne cia\u0142o i umys\u0142. B\u0119dziemy uczy\u0107 si\u0119 \u015bwiadomej pracy z cia\u0142em i oddechem.&nbsp; Skutecznych technik, kt\u00f3re s\u0105 najmniej inwazyjne i pozwalaj\u0105 nam zachowa\u0107 si\u0142\u0119 i zdrowie, kt\u00f3re nie powoduj\u0105 napi\u0119\u0107 w naszym ciele i kontuzji. Dlatego te\u017c warsztaty nosz\u0105 nazw\u0119 a&#8221;ochrona cia\u0142a i umys\u0142u&#8221;. Nauczymy si\u0119 jak porusza\u0107 naszym cia\u0142em ekonomicznie, wydajnie i efektywnie. Uczymy si\u0119 w ubraniach, kt\u00f3re nie kr\u0119puj\u0105 ruch\u00f3w. Zabierz wygodny str\u00f3j i ma\u0142y mi\u0119kki koc. Szczeg\u00f3ln\u0105 uwag\u0119 zwr\u00f3cimy na zasady prawid\u0142owej pracy z cia\u0142em i poprawnej pozycji, aby masowanie by\u0142o przyjemne i bezpieczne zar\u00f3wno dla osoby masowanej, jak i dla masuj\u0105cej. <\/p>\n\n\n\n<p>Nauka zosta\u0142a podzielona na trzy trzydniowe zjazdy, podczas kt\u00f3rych praktykowa\u0107 b\u0119dziemy:<br>1) POZYCJA FRONTALNA , AKUPRESURA ST\u00d3P , KANA\u0141Y ENERGETYCZNE N\u00d3G , MASA\u017b BRZUCHA I TWARZY.<br>2) POZYCJA BOCZNA , POZYCJA SIEDZ\u0104CA.<br>3) POZYCJA NA BRZUCHU , KANA\u0141Y ENERGETYCZNE.<br><\/p>\n\n\n\n<p>Na warsztatach:<br>\u2022 Nauczysz si\u0119 masa\u017cu st\u00f3p i n\u00f3g, poprzez stymulacje punkt\u00f3w, akupresur\u0119, rozci\u0105ganie i delikatne uruchomianie staw\u00f3w.<br>\u2022 Nauczysz si\u0119 wielu element\u00f3w biernej jogi,&nbsp; masa\u017cu jogicznego, stymulacji bilateralnej, u\u017cywaj\u0105c grawitacji \u2013 ci\u0119\u017caru swojego cia\u0142a, st\u00f3p, \u0142okci i kolan.<br>\u2022 Nauczysz si\u0119 jak w bez wysi\u0142kowy spos\u00f3b pracowa\u0107 z du\u017co wi\u0119kszym cia\u0142em nie trac\u0105c swojej si\u0142y, jak u\u017cywa\u0107 swoje cia\u0142o w spos\u00f3b prawid\u0142owy, rozlu\u017aniony i ekonomiczny.<br>\u2022 Nauczysz si\u0119 sztuki i teorii g\u0142\u0119bokiej pracy z cia\u0142em.<br>\u2022 Poznasz psychologi\u0119 obszar\u00f3w cia\u0142a i form\u0119 pracy z uruchamianiem naturalnych zdolno\u015bci do uwalniania traumy ze wsparciem oddechu.<\/p>\n\n\n\n<p>Kilka s\u0142\u00f3w od Krzysztofa Szabata: \u201eNa warsztatach chcia\u0142bym podzieli\u0107 si\u0119 z Wami g\u0142ownie tym czego nauczy\u0142em si\u0119 od Gunthera Krugera i Takashiego Yoshizawy. Pod\u0105\u017cam za ich metodami od wielu lat. Gunther nauczy\u0142 mnie jak pracowa\u0107 sercem w spos\u00f3b g\u0142\u0119boki i pe\u0142en znaczenia. Pokaza\u0142 wiele mo\u017cliwo\u015bci i inspiracji. Takashi jak pracowa\u0107 z cia\u0142em w spos\u00f3b lekki, nie m\u0119cz\u0105cy i bez wysi\u0142kowy. Jego metody s\u0105 odpoczynkiem a nie prac\u0105, si\u0142\u0105 grawitacji i biomechanik\u0105 a nie wymuszonym m\u0119cz\u0105cym ruchem. Mog\u0119 przekaza\u0107 Wam ich wiedz\u0119 i m\u0105dro\u015b\u0107, s\u0105 niesamowite. Bardzo pomog\u0142y w \u017cyciu mnie, wielu moim przyjacio\u0142om i pacjentom. Mam nadziej\u0119, \u017ce cho\u0107 troch\u0119 przybli\u017c\u0119 Wam esencj\u0119 ich nauk.\u201d<br><\/p>\n\n\n\n<p>Terminy oraz aktualne ceny warsztat\u00f3w na naszym fb. <\/p>\n\n\n\n<div class=\"wp-block-group\"><div class=\"wp-block-group__inner-container is-layout-constrained wp-block-group-is-layout-constrained\">\n<p><a href=\"https:\/\/www.facebook.com\/people\/Menehune-\u015bwiadoma-praca-z-cia\u0142em\/100063983075926\/\"><img loading=\"lazy\" decoding=\"async\" class=\"wp-image-325 aligncenter\" src=\"http:\/\/menehune.pl\/wp-content\/uploads\/2020\/01\/facebook.png\" alt=\"\" width=\"70\" height=\"70\" srcset=\"http:\/\/menehune.pl\/wp-content\/uploads\/2020\/01\/facebook.png 128w, http:\/\/menehune.pl\/wp-content\/uploads\/2020\/01\/facebook-100x100.png 100w\" sizes=\"(max-width: 70px) 100vw, 70px\" \/><\/a><\/p>\n<\/div><\/div>\n\n\n\n<hr class=\"wp-block-separator has-alpha-channel-opacity is-style-wide\"\/>\n\n\n\n<p><\/p>\n\n\n\n<p>Zapraszamy do obejrzenia galerii:<\/p>\n\n\n\n\t\t<div id=\"album_gallery_571\"\n\t\t\tclass=\"awp_center\">\n\t\t\t\t\t\t\t<div class=\" col-md-4 col-lg-4 col-sm-4 col-xs-6 \n\t\t\t\t\t\t\">\n\t\t\t\t\t\n\t\t\t\t\t\t\t<!-- Stacks Hover Effect -->\n\t\t\t\t\t\t\t<a href=\"http:\/\/menehune.pl\/wp-content\/uploads\/2023\/06\/FUJI0110.jpg\t\t\t\t\t\" \t\t\t\t\t\t\t\tclass=\"swipebox-571\" title=\"Warsztaty\">\n\t\t\t\t\t\t\t\t<div class=\"group\">\n\t\t\t\t\t\t\t\t\t<div class=\"stack twisted animated wobble\">\n\t\t\t\t\t\t\t\t\t\t<img decoding=\"async\" src=\"http:\/\/menehune.pl\/wp-content\/uploads\/2023\/06\/FUJI0110-300x200.jpg\" alt=\"Warsztaty\">\n\t\t\t\t\t\t\t\t\t<\/div>\n\t\t\t\t\t\t\t\t<\/div>\n\t\t\t\t\t\t\t<\/a>\n\t\t\t\t\t\t\t\t\t<\/div>\n\t\t\t\t\t\t\t\t<div class=\" col-md-4 col-lg-4 col-sm-4 col-xs-6 \n\t\t\thidden\t\t\t\">\n\t\t\t\t\t\n\t\t\t\t\t\t\t<!-- Stacks Hover Effect -->\n\t\t\t\t\t\t\t<a href=\"http:\/\/menehune.pl\/wp-content\/uploads\/2023\/06\/FUJI0029-1.jpg\t\t\t\t\t\" \t\t\t\t\t\t\t\tclass=\"swipebox-571\" title=\"Warsztaty\">\n\t\t\t\t\t\t\t\t<div class=\"group\">\n\t\t\t\t\t\t\t\t\t<div class=\"stack twisted animated wobble\">\n\t\t\t\t\t\t\t\t\t\t<img decoding=\"async\" src=\"http:\/\/menehune.pl\/wp-content\/uploads\/2023\/06\/FUJI0029-1-300x200.jpg\" alt=\"Warsztaty\">\n\t\t\t\t\t\t\t\t\t<\/div>\n\t\t\t\t\t\t\t\t<\/div>\n\t\t\t\t\t\t\t<\/a>\n\t\t\t\t\t\t\t\t\t<\/div>\n\t\t\t\t\t\t<\/div>\n\t\t<style>\n\t.awp_center {\n\t\ttext-align: center !important;\n\t}\n\n\t\t\t\t.fifth-effect .mask {\n\t\t\tborder: 100px solid rgba(0, 0, 0, 0.7);\n\t\t}\n\n\t\t.col-lg-12 .stack {\n\t\tmargin: 3% 36%;\n\t}\n\n\t.col-lg-12 .view {\n\t\tmargin: 5% 37%;\n\t}\n\n\t.col-lg-6 .stack {\n\t\tmargin: 6% 22%;\n\t}\n\n\t.col-lg-6 .view {\n\t\tmargin: 5% 22%;\n\t}\n\n\t.col-lg-4 .stack {\n\t\tmargin: 10% 7%;\n\t}\n\n\t.col-lg-4 .view {\n\t\tmargin: 5% 6%;\n\t}\n\n\t.col-lg-3 .stack {\n\t\tmargin: 15% 3%;\n\t}\n\n\t.col-lg-3 .view {\n\t\tmargin: 5% 1%;\n\t}\n\n\n\t\t\t.fifth-effect .mask {\n\t\t\tborder: 100px solid rgba(0, 0, 0, 0.7);\n\t\t}\n\n\t\t\t\t.fifth-effect .mask {\n\t\t\tborder: 100px solid rgba(0, 0, 0, 0.7);\n\t\t}\n\n\t\t.view {\n\t\t\t\t\tmargin: 0 0 5% 0%;\n\t\t\t\n\t\t\t\t\tmargin: 5% 0%;\n\t\t\t\t}\n\n\t.mask {\n\t\tcursor: pointer;\n\t}\n<\/style>\n<script type=\"application\/javascript\">\n\tjQuery(document).ready(function () {\n\t\t\/\/ PhotoBox\n\t\tjQuery('#album_gallery_571').photobox('a');\n\t\t\/\/ or with a fancier selector and some settings, and a callback:\n\t\tjQuery('#album_gallery_571').photobox('a:first', { thumbs: false, time: 0 }, imageLoaded);\n\t\tfunction imageLoaded() {\n\t\t\tconsole.log('image has been loaded...');\n\t\t}\n\n\n\t\t\/\/Isotope function for masonary\n\t\tvar $grid = jQuery('.album_gallery_main').isotope({\n\t\t\t\/\/ options...\n\t\t\titemSelector: '.album_gallery_single',\n\t\t});\n\t\t\/\/ layout Isotope after each image loads\n\t\t$grid.imagesLoaded().progress(function () {\n\t\t\t$grid.isotope('layout');\n\t\t});\n\t});\n<\/script>\n","protected":false},"excerpt":{"rendered":"<p>WARSZTAT&nbsp; MASA\u017bU TAJSKIEGO. OCHRONA CIA\u0141A I UMYS\u0141U, PROWADZ\u0104CY: KRZYSZTOF SZABAT&nbsp;Dawanie dotyku przyjacio\u0142om i pacjentom to pi\u0119kne dzia\u0142anie, ale w wielu przypadkach zapominamy o tym jak powinni\u015bmy przy tym traktowa\u0107 nasze w\u0142asne cia\u0142o i umys\u0142. B\u0119dziemy uczy\u0107 si\u0119 \u015bwiadomej pracy z cia\u0142em i oddechem.&nbsp; Skutecznych technik, kt\u00f3re s\u0105 najmniej inwazyjne i pozwalaj\u0105 nam zachowa\u0107 si\u0142\u0119 i &hellip; <\/p>\n<p class=\"link-more\"><a href=\"http:\/\/menehune.pl\/index.php\/album_gallery\/warsztaty\/\" class=\"more-link\">Czytaj dalej<span class=\"screen-reader-text\"> \u201eWarsztaty\u201d<\/span><\/a><\/p>\n","protected":false},"author":1,"featured_media":0,"parent":0,"menu_order":0,"comment_status":"closed","ping_status":"closed","template":"","meta":{"footnotes":""},"class_list":["post-665","page","type-page","status-publish","hentry"],"_links":{"self":[{"href":"http:\/\/menehune.pl\/index.php\/wp-json\/wp\/v2\/pages\/665"}],"collection":[{"href":"http:\/\/menehune.pl\/index.php\/wp-json\/wp\/v2\/pages"}],"about":[{"href":"http:\/\/menehune.pl\/index.php\/wp-json\/wp\/v2\/types\/page"}],"author":[{"embeddable":true,"href":"http:\/\/menehune.pl\/index.php\/wp-json\/wp\/v2\/users\/1"}],"replies":[{"embeddable":true,"href":"http:\/\/menehune.pl\/index.php\/wp-json\/wp\/v2\/comments?post=665"}],"version-history":[{"count":9,"href":"http:\/\/menehune.pl\/index.php\/wp-json\/wp\/v2\/pages\/665\/revisions"}],"predecessor-version":[{"id":796,"href":"http:\/\/menehune.pl\/index.php\/wp-json\/wp\/v2\/pages\/665\/revisions\/796"}],"wp:attachment":[{"href":"http:\/\/menehune.pl\/index.php\/wp-json\/wp\/v2\/media?parent=665"}],"curies":[{"name":"wp","href":"https:\/\/api.w.org\/{rel}","templated":true}]}}