{"id":847,"date":"2026-03-30T19:54:11","date_gmt":"2026-03-30T17:54:11","guid":{"rendered":"https:\/\/menehune.pl\/?page_id=847"},"modified":"2026-03-31T12:12:07","modified_gmt":"2026-03-31T10:12:07","slug":"praktycy-interbukalne-ubuso-w-polsce","status":"publish","type":"page","link":"http:\/\/menehune.pl\/index.php\/praktycy-interbukalne-ubuso-w-polsce\/","title":{"rendered":"Praktycy Interbukalne Ubuso w Polsce"},"content":{"rendered":"\n<p>Prac\u0119 wewn\u0105trzustn\u0105 zacz\u0119\u0142am stosowa\u0107 jako rozwini\u0119cie masa\u017cu dla potrzeb klient\u00f3w pojawiaj\u0105cych si\u0119 w gabinecie. Gdy w 2025 roku na spotkaniu z Monik\u0105 Cyman, doskona\u0142\u0105 terapeutk\u0105 twarzy, zobaczy\u0142am jej umiej\u0119tno\u015bci w tym zakresie, nie mog\u0142am oprze\u0107 si\u0119 by nie zaproponowa\u0107 jej po\u0142\u0105czenia do\u015bwiadcze\u0144, w wyniku czego powsta\u0142 ekskluzywny 4-o etapowy zabieg \u2013 od intensywnej terapii, przez precyzyjne modelowanie, a\u017c po luksusowe wyciszenie i regeneracj\u0119 sk\u00f3ry.<\/p>\n\n\n\n<p>Etap I: Zaczynamy od przygotowania fundament\u00f3w, praca z twarz\u0105 zaczyna si\u0119 od rozlu\u017anienia klatki piersiowej, ramion, szyi i obszaru g\u0142owy. To tu cz\u0119sto kumuluj\u0105 si\u0119 napi\u0119cia wynikaj\u0105ce z postawy cia\u0142a i stresu. Poprzez techniki powi\u0119ziowe przywracamy elastyczno\u015b\u0107 tkankom, a techniki drena\u017cu limfatycznego poruszaj\u0105 zastoje. Rozlu\u017anienie fundament\u00f3w przywo\u0142uje efekt &#8222;lekkiej g\u0142owy&#8221;.<\/p>\n\n\n\n<p>Etap II: Terapia Wewn\u0105trzustna (Interbukalna) To najbardziej techniczny etap, w kt\u00f3rym pracujemy na mi\u0119\u015bniach obustronnie (od wewn\u0105trz jamy ustnej). Dzi\u0119ki rozlu\u017anieniu mi\u0119\u015bni \u017cwaczy (kluczowe przy bruksizmie), sp\u0142yceniu bruzd nosowo-wargowych i uniesieniu k\u0105cik\u00f3w ust, mo\u017cna odczu\u0107 g\u0142\u0119bok\u0105 ulg\u0119 i &#8222;rozpuszczenie&#8221; napi\u0119\u0107 stresowych skumulowanych w szcz\u0119ce. Praca wewn\u0105trzustna w Ubuso to nie tylko mechaniczne ugniatanie. To dialog z tkank\u0105, kt\u00f3ry dawkuje si\u0142\u0119 nacisku, by wywo\u0142a\u0107 proces samo naprawczy organizmu.<\/p>\n\n\n\n<p>Etap III: Delikatny Lifting Manualny. Gdy mi\u0119\u015bnie s\u0105 ju\u017c rozlu\u017anione i elastyczne, przechodzimy do subtelnych, ale skutecznych ruch\u00f3w unosz\u0105cych, dzi\u0119ki kt\u00f3rym utrwalimy efekt liftingu i wyg\u0142adzimy drobne linie. Etap ten przywo\u0142uje&nbsp;\u201ezaopiekowanie\u201d dobrze znane nam z rytua\u0142u Ubuso i przej\u015bcie w stan g\u0142\u0119bokiego odpr\u0119\u017cenia.<\/p>\n\n\n\n<p>Etap IV: Wyciszaj\u0105ca Maska \u017belowa R\u00f3\u017cana. Zwie\u0144czenie rytua\u0142u, kt\u00f3re domyka procesy regeneracyjne i koi zmys\u0142y. Ekstrakt z r\u00f3\u017cy damasce\u0144skiej silnie nawil\u017ca,&nbsp;obkurcza naczynia krwiono\u015bne i \u0142agodzi sk\u00f3r\u0119 po intensywnej pracy. Etap ten to odczucie przyjemnego ch\u0142odu, zniewalaj\u0105cy zapach r\u00f3\u017c i stan absolutnego b\u0142ogostanu.<\/p>\n\n\n\n<p>W Interbukalnym Ubuso nic nie jest przypadkowe. Najpierw usuwamy zastoje (Etap 1), potem uwalniamy g\u0142\u0119bokie blokady (Etap 2), aby m\u00f3c plastycznie uformowa\u0107 tkank\u0119 (Etap 3) i ostatecznie j\u0105 wyciszy\u0107 oraz nawil\u017cy\u0107 (Etap 4).<\/p>\n\n\n\n<p>Efekt? Twarz, kt\u00f3ra wygl\u0105da na m\u0142odsz\u0105, wypocz\u0119t\u0105 i uwolnion\u0105 od ci\u0119\u017caru stresu. Interbukalne Ubuso &#8211; tam, gdzie precyzyjna terapia spotyka absolutne wyciszenie.<\/p>\n\n\n\n<p class=\"has-text-align-right\"><strong>Aleksandra Jaworska<\/strong><\/p>\n\n\n\n<p><\/p>\n","protected":false},"excerpt":{"rendered":"<p>Prac\u0119 wewn\u0105trzustn\u0105 zacz\u0119\u0142am stosowa\u0107 jako rozwini\u0119cie masa\u017cu dla potrzeb klient\u00f3w pojawiaj\u0105cych si\u0119 w gabinecie. Gdy w 2025 roku na spotkaniu z Monik\u0105 Cyman, doskona\u0142\u0105 terapeutk\u0105 twarzy, zobaczy\u0142am jej umiej\u0119tno\u015bci w tym zakresie, nie mog\u0142am oprze\u0107 si\u0119 by nie zaproponowa\u0107 jej po\u0142\u0105czenia do\u015bwiadcze\u0144, w wyniku czego powsta\u0142 ekskluzywny 4-o etapowy zabieg \u2013 od intensywnej terapii, przez &hellip; <\/p>\n<p class=\"link-more\"><a href=\"http:\/\/menehune.pl\/index.php\/praktycy-interbukalne-ubuso-w-polsce\/\" class=\"more-link\">Czytaj dalej<span class=\"screen-reader-text\"> \u201ePraktycy Interbukalne Ubuso w Polsce\u201d<\/span><\/a><\/p>\n","protected":false},"author":1,"featured_media":0,"parent":0,"menu_order":0,"comment_status":"closed","ping_status":"closed","template":"","meta":{"footnotes":""},"class_list":["post-847","page","type-page","status-publish","hentry"],"_links":{"self":[{"href":"http:\/\/menehune.pl\/index.php\/wp-json\/wp\/v2\/pages\/847"}],"collection":[{"href":"http:\/\/menehune.pl\/index.php\/wp-json\/wp\/v2\/pages"}],"about":[{"href":"http:\/\/menehune.pl\/index.php\/wp-json\/wp\/v2\/types\/page"}],"author":[{"embeddable":true,"href":"http:\/\/menehune.pl\/index.php\/wp-json\/wp\/v2\/users\/1"}],"replies":[{"embeddable":true,"href":"http:\/\/menehune.pl\/index.php\/wp-json\/wp\/v2\/comments?post=847"}],"version-history":[{"count":2,"href":"http:\/\/menehune.pl\/index.php\/wp-json\/wp\/v2\/pages\/847\/revisions"}],"predecessor-version":[{"id":853,"href":"http:\/\/menehune.pl\/index.php\/wp-json\/wp\/v2\/pages\/847\/revisions\/853"}],"wp:attachment":[{"href":"http:\/\/menehune.pl\/index.php\/wp-json\/wp\/v2\/media?parent=847"}],"curies":[{"name":"wp","href":"https:\/\/api.w.org\/{rel}","templated":true}]}}